{"id":3093,"date":"2025-06-18T15:24:45","date_gmt":"2025-06-18T13:24:45","guid":{"rendered":"https:\/\/sourceaadvisory.com\/services-pour-les-investisseurs\/"},"modified":"2026-04-13T21:07:51","modified_gmt":"2026-04-13T19:07:51","slug":"services-pour-entrepreneurs","status":"publish","type":"page","link":"https:\/\/sourceaadvisory.com\/fr\/services-pour-entrepreneurs\/","title":{"rendered":"services pour entrepreneurs"},"content":{"rendered":"\t\t<div data-elementor-type=\"wp-page\" data-elementor-id=\"3093\" class=\"elementor elementor-3093 elementor-111\">\n\t\t\t\t<div class=\"elementor-element elementor-element-6cb044a e-con-full e-flex e-con e-parent\" data-id=\"6cb044a\" data-element_type=\"container\" data-settings=\"{&quot;background_background&quot;:&quot;classic&quot;}\">\n\t\t\t\t<\/div>\n\t\t<div class=\"elementor-element elementor-element-f4ddd15 e-flex e-con-boxed e-con e-parent\" data-id=\"f4ddd15\" data-element_type=\"container\">\n\t\t\t\t\t<div class=\"e-con-inner\">\n\t\t\t\t<div class=\"elementor-element elementor-element-8fa4f13 elementor-widget elementor-widget-text-editor\" data-id=\"8fa4f13\" data-element_type=\"widget\" data-widget_type=\"text-editor.default\">\n\t\t\t\t<div class=\"elementor-widget-container\">\n\t\t\t\t\t\t\t\t\t<h1><b>Un accompagnement \u00e9clair\u00e9 \u00e0 chaque \u00e9tape de vos d\u00e9cisions<\/b><\/h1>\t\t\t\t\t\t\t\t<\/div>\n\t\t\t\t<\/div>\n\t\t\t\t<div class=\"elementor-element elementor-element-7c44f9d elementor-widget-divider--view-line elementor-widget elementor-widget-divider\" data-id=\"7c44f9d\" data-element_type=\"widget\" data-widget_type=\"divider.default\">\n\t\t\t\t<div class=\"elementor-widget-container\">\n\t\t\t\t\t\t\t<div class=\"elementor-divider\">\n\t\t\t<span class=\"elementor-divider-separator\">\n\t\t\t\t\t\t<\/span>\n\t\t<\/div>\n\t\t\t\t\t\t<\/div>\n\t\t\t\t<\/div>\n\t\t\t\t\t<\/div>\n\t\t\t\t<\/div>\n\t\t<div class=\"elementor-element elementor-element-ed71fb6 e-flex e-con-boxed e-con e-parent\" data-id=\"ed71fb6\" data-element_type=\"container\">\n\t\t\t\t\t<div class=\"e-con-inner\">\n\t\t\t\t<div class=\"elementor-element elementor-element-e214bb1 elementor-widget elementor-widget-text-editor\" data-id=\"e214bb1\" data-element_type=\"widget\" data-widget_type=\"text-editor.default\">\n\t\t\t\t<div class=\"elementor-widget-container\">\n\t\t\t\t\t\t\t\t\t<h2>\u00a0<\/h2><h2><b>Nous accompagnons une client\u00e8le exigeante &#8211; particuliers, entrepreneurs et family offices &#8211; dans la d\u00e9finition et la mise en place de leur pr\u00e9sence, en toute ind\u00e9pendance et discr\u00e9tion, et une attention particuli\u00e8re aux formats \u00e0 taille humaine.\u00a0<\/b><\/h2><h2>\u00a0<\/h2><h2>\u00a0<\/h2><h2><b>Si\u00e8ges sociaux &amp; bureaux de repr\u00e9sentation<\/b><\/h2><p>Nous vous aidons \u00e0 mettre en place votre pr\u00e9sence en Suisse \u00e0 travers des espaces s\u00e9lectionn\u00e9s avec soin.<\/p><p>Des h\u00f4tels particuliers \u00e9l\u00e9gants aux espaces \u00e0 taille humaine, nous identifions des lieux en ad\u00e9quation avec votre pr\u00e9sence en Suisse et en orchestrons le processus avec discr\u00e9tion, fluidit\u00e9 et pr\u00e9cision.<\/p><p>\u00a0<\/p>\t\t\t\t\t\t\t\t<\/div>\n\t\t\t\t<\/div>\n\t\t\t\t<div class=\"elementor-element elementor-element-8e77297 elementor-widget-divider--view-line elementor-widget elementor-widget-divider\" data-id=\"8e77297\" data-element_type=\"widget\" data-widget_type=\"divider.default\">\n\t\t\t\t<div class=\"elementor-widget-container\">\n\t\t\t\t\t\t\t<div class=\"elementor-divider\">\n\t\t\t<span class=\"elementor-divider-separator\">\n\t\t\t\t\t\t<\/span>\n\t\t<\/div>\n\t\t\t\t\t\t<\/div>\n\t\t\t\t<\/div>\n\t\t\t\t\t<\/div>\n\t\t\t\t<\/div>\n\t\t<div class=\"elementor-element elementor-element-fd2dbfe e-con-full e-flex e-con e-parent\" data-id=\"fd2dbfe\" data-element_type=\"container\" data-settings=\"{&quot;background_background&quot;:&quot;gradient&quot;}\">\n\t\t\t\t<div class=\"elementor-element elementor-element-08d164b elementor-widget elementor-widget-text-editor\" data-id=\"08d164b\" data-element_type=\"widget\" data-widget_type=\"text-editor.default\">\n\t\t\t\t<div class=\"elementor-widget-container\">\n\t\t\t\t\t\t\t\t\t<h1>\u00ab\u00a0Votre vision d\u00e9finit la direction \u00e0 suivre.<\/h1><h1>Nos connaissances vous permettent de la r\u00e9aliser avec pr\u00e9cision.\u00a0\u00bb<\/h1>\t\t\t\t\t\t\t\t<\/div>\n\t\t\t\t<\/div>\n\t\t\t\t<\/div>\n\t\t<div class=\"elementor-element elementor-element-1982303 e-con-full animated-slow e-flex elementor-invisible e-con e-parent\" data-id=\"1982303\" data-element_type=\"container\" data-settings=\"{&quot;background_background&quot;:&quot;classic&quot;,&quot;animation&quot;:&quot;fadeInUp&quot;}\">\n\t\t<div class=\"elementor-element elementor-element-96d21ae e-con-full e-flex e-con e-child\" data-id=\"96d21ae\" data-element_type=\"container\">\n\t\t\t\t<div class=\"elementor-element elementor-element-94b1f2c elementor-widget elementor-widget-image\" data-id=\"94b1f2c\" data-element_type=\"widget\" data-widget_type=\"image.default\">\n\t\t\t\t<div class=\"elementor-widget-container\">\n\t\t\t\t\t\t\t\t\t\t\t\t\t\t\t<img fetchpriority=\"high\" decoding=\"async\" width=\"682\" height=\"1024\" src=\"https:\/\/sourceaadvisory.com\/wp-content\/uploads\/13geneve-682x1024.jpg\" class=\"attachment-large size-large wp-image-92\" alt=\"\" srcset=\"https:\/\/sourceaadvisory.com\/wp-content\/uploads\/13geneve-682x1024.jpg 682w, https:\/\/sourceaadvisory.com\/wp-content\/uploads\/13geneve-200x300.jpg 200w, https:\/\/sourceaadvisory.com\/wp-content\/uploads\/13geneve-768x1152.jpg 768w, https:\/\/sourceaadvisory.com\/wp-content\/uploads\/13geneve-1024x1536.jpg 1024w, https:\/\/sourceaadvisory.com\/wp-content\/uploads\/13geneve.jpg 1333w\" sizes=\"(max-width: 682px) 100vw, 682px\" \/>\t\t\t\t\t\t\t\t\t\t\t\t\t\t\t<\/div>\n\t\t\t\t<\/div>\n\t\t\t\t<\/div>\n\t\t<div class=\"elementor-element elementor-element-fd839f3 e-con-full e-flex e-con e-child\" data-id=\"fd839f3\" data-element_type=\"container\">\n\t\t\t\t<div class=\"elementor-element elementor-element-c83c205 elementor-widget elementor-widget-image\" data-id=\"c83c205\" data-element_type=\"widget\" data-widget_type=\"image.default\">\n\t\t\t\t<div class=\"elementor-widget-container\">\n\t\t\t\t\t\t\t\t\t\t\t\t\t\t\t<img decoding=\"async\" width=\"684\" height=\"1024\" src=\"https:\/\/sourceaadvisory.com\/wp-content\/uploads\/whiteoffice-684x1024.jpg\" class=\"attachment-large size-large wp-image-100\" alt=\"\" srcset=\"https:\/\/sourceaadvisory.com\/wp-content\/uploads\/whiteoffice-684x1024.jpg 684w, https:\/\/sourceaadvisory.com\/wp-content\/uploads\/whiteoffice-200x300.jpg 200w, https:\/\/sourceaadvisory.com\/wp-content\/uploads\/whiteoffice-768x1150.jpg 768w, https:\/\/sourceaadvisory.com\/wp-content\/uploads\/whiteoffice-1025x1536.jpg 1025w, https:\/\/sourceaadvisory.com\/wp-content\/uploads\/whiteoffice-1367x2048.jpg 1367w, https:\/\/sourceaadvisory.com\/wp-content\/uploads\/whiteoffice.jpg 1669w\" sizes=\"(max-width: 684px) 100vw, 684px\" \/>\t\t\t\t\t\t\t\t\t\t\t\t\t\t\t<\/div>\n\t\t\t\t<\/div>\n\t\t\t\t<\/div>\n\t\t<div class=\"elementor-element elementor-element-8c70c98 e-con-full e-flex e-con e-child\" data-id=\"8c70c98\" data-element_type=\"container\">\n\t\t\t\t<div class=\"elementor-element elementor-element-fec289c elementor-widget elementor-widget-image\" data-id=\"fec289c\" data-element_type=\"widget\" data-widget_type=\"image.default\">\n\t\t\t\t<div class=\"elementor-widget-container\">\n\t\t\t\t\t\t\t\t\t\t\t\t\t\t\t<img decoding=\"async\" width=\"682\" height=\"1024\" src=\"https:\/\/sourceaadvisory.com\/wp-content\/uploads\/10geneve-682x1024.jpg\" class=\"attachment-large size-large wp-image-86\" alt=\"\" srcset=\"https:\/\/sourceaadvisory.com\/wp-content\/uploads\/10geneve-682x1024.jpg 682w, https:\/\/sourceaadvisory.com\/wp-content\/uploads\/10geneve-200x300.jpg 200w, https:\/\/sourceaadvisory.com\/wp-content\/uploads\/10geneve-768x1152.jpg 768w, https:\/\/sourceaadvisory.com\/wp-content\/uploads\/10geneve-1024x1536.jpg 1024w, https:\/\/sourceaadvisory.com\/wp-content\/uploads\/10geneve.jpg 1333w\" sizes=\"(max-width: 682px) 100vw, 682px\" \/>\t\t\t\t\t\t\t\t\t\t\t\t\t\t\t<\/div>\n\t\t\t\t<\/div>\n\t\t\t\t<\/div>\n\t\t\t\t<\/div>\n\t\t<div class=\"elementor-element elementor-element-ce06cb2 e-flex e-con-boxed e-con e-parent\" data-id=\"ce06cb2\" data-element_type=\"container\" data-settings=\"{&quot;background_background&quot;:&quot;classic&quot;}\">\n\t\t\t\t\t<div class=\"e-con-inner\">\n\t\t\t\t<div class=\"elementor-element elementor-element-b2ba5a2 elementor-widget elementor-widget-text-editor\" data-id=\"b2ba5a2\" data-element_type=\"widget\" data-widget_type=\"text-editor.default\">\n\t\t\t\t<div class=\"elementor-widget-container\">\n\t\t\t\t\t\t\t\t\t<h2><b>Notre philosophie en pratique<\/b><\/h2><p>Chaque mandat est unique, mais les principes suivants guident syst\u00e9matiquement notre travail:<\/p><p><strong>Clart\u00e9<\/strong> &#8211; comprendre votre vision avec justesse<\/p><p><strong>Ind\u00e9pendance<\/strong> &#8211; agir uniquement dans votre int\u00e9r\u00eat, avec discr\u00e9tion<\/p><p><strong>S\u00e9lectivit\u00e9<\/strong> &#8211; des opportunit\u00e9s choisies avec rigueur et exigence<\/p><p><strong>Continuit\u00e9<\/strong> &#8211; assurer un accompagnement fluide \u00e0 chaque \u00e9tape.<\/p>\t\t\t\t\t\t\t\t<\/div>\n\t\t\t\t<\/div>\n\t\t\t\t<div class=\"elementor-element elementor-element-9f865f7 elementor-widget-divider--view-line elementor-widget elementor-widget-divider\" data-id=\"9f865f7\" data-element_type=\"widget\" data-widget_type=\"divider.default\">\n\t\t\t\t<div class=\"elementor-widget-container\">\n\t\t\t\t\t\t\t<div class=\"elementor-divider\">\n\t\t\t<span class=\"elementor-divider-separator\">\n\t\t\t\t\t\t<\/span>\n\t\t<\/div>\n\t\t\t\t\t\t<\/div>\n\t\t\t\t<\/div>\n\t\t\t\t\t<\/div>\n\t\t\t\t<\/div>\n\t\t<div class=\"elementor-element elementor-element-dec3289 e-con-full e-flex e-con e-parent\" data-id=\"dec3289\" data-element_type=\"container\" data-settings=\"{&quot;background_background&quot;:&quot;gradient&quot;}\">\n\t\t\t\t<div class=\"elementor-element elementor-element-1375481 elementor-widget elementor-widget-text-editor\" data-id=\"1375481\" data-element_type=\"widget\" data-widget_type=\"text-editor.default\">\n\t\t\t\t<div class=\"elementor-widget-container\">\n\t\t\t\t\t\t\t\t\t<h1><strong>\u00ab\u00a0Une seule priorit\u00e9: aligner chaque d\u00e9cision avec votre strat\u00e9gie et assurer une pr\u00e9sence coh\u00e9rente et durable.\u00a0\u00bb<\/strong><\/h1>\t\t\t\t\t\t\t\t<\/div>\n\t\t\t\t<\/div>\n\t\t\t\t<\/div>\n\t\t<div class=\"elementor-element elementor-element-e759c0f e-con-full animated-slow e-flex elementor-invisible e-con e-parent\" data-id=\"e759c0f\" data-element_type=\"container\" data-settings=\"{&quot;animation&quot;:&quot;fadeInUp&quot;}\">\n\t\t<div class=\"elementor-element elementor-element-30b791c e-con-full e-flex e-con e-child\" data-id=\"30b791c\" data-element_type=\"container\" data-settings=\"{&quot;background_background&quot;:&quot;classic&quot;,&quot;background_motion_fx_translateY_effect&quot;:&quot;yes&quot;,&quot;background_motion_fx_translateY_speed&quot;:{&quot;unit&quot;:&quot;px&quot;,&quot;size&quot;:4.6,&quot;sizes&quot;:[]},&quot;background_motion_fx_motion_fx_scrolling&quot;:&quot;yes&quot;,&quot;background_motion_fx_translateY_affectedRange&quot;:{&quot;unit&quot;:&quot;%&quot;,&quot;size&quot;:&quot;&quot;,&quot;sizes&quot;:{&quot;start&quot;:20,&quot;end&quot;:80}},&quot;background_motion_fx_devices&quot;:[&quot;desktop&quot;,&quot;tablet&quot;,&quot;mobile&quot;]}\">\n\t\t\t\t<\/div>\n\t\t\t\t<\/div>\n\t\t<div class=\"elementor-element elementor-element-647f49f e-flex e-con-boxed e-con e-parent\" data-id=\"647f49f\" data-element_type=\"container\">\n\t\t\t\t\t<div class=\"e-con-inner\">\n\t\t\t\t<div class=\"elementor-element elementor-element-18061bc elementor-widget-divider--view-line elementor-widget elementor-widget-divider\" data-id=\"18061bc\" data-element_type=\"widget\" data-widget_type=\"divider.default\">\n\t\t\t\t<div class=\"elementor-widget-container\">\n\t\t\t\t\t\t\t<div class=\"elementor-divider\">\n\t\t\t<span class=\"elementor-divider-separator\">\n\t\t\t\t\t\t<\/span>\n\t\t<\/div>\n\t\t\t\t\t\t<\/div>\n\t\t\t\t<\/div>\n\t\t\t\t<div class=\"elementor-element elementor-element-4efce10 elementor-widget elementor-widget-text-editor\" data-id=\"4efce10\" data-element_type=\"widget\" data-widget_type=\"text-editor.default\">\n\t\t\t\t<div class=\"elementor-widget-container\">\n\t\t\t\t\t\t\t\t\t<h2>\u00ab Nous sommes \u00e0 votre \u00e9coute, au moment opportun. \u00bb<\/h2><h6><a href=\"mailto:info@sourceaadvisory.com\">contactez-nous<\/a><\/h6>\t\t\t\t\t\t\t\t<\/div>\n\t\t\t\t<\/div>\n\t\t\t\t\t<\/div>\n\t\t\t\t<\/div>\n\t\t\t\t<\/div>\n\t\t","protected":false},"excerpt":{"rendered":"<p>Un accompagnement \u00e9clair\u00e9 \u00e0 chaque \u00e9tape de vos d\u00e9cisions Nous accompagnons une client\u00e8le exigeante &#8211; particuliers, entrepreneurs et family offices &#8211; dans la d\u00e9finition et la mise en place de leur pr\u00e9sence, en toute ind\u00e9pendance et discr\u00e9tion, [&hellip;]<\/p>\n","protected":false},"author":3,"featured_media":38,"parent":0,"menu_order":0,"comment_status":"closed","ping_status":"closed","template":"elementor_header_footer","meta":{"footnotes":""},"class_list":["post-3093","page","type-page","status-publish","has-post-thumbnail","hentry"],"yoast_head":"<!-- This site is optimized with the Yoast SEO plugin v27.4 - https:\/\/yoast.com\/product\/yoast-seo-wordpress\/ -->\n<title>services pour entrepreneurs - Sourcea Advisory<\/title>\n<meta name=\"description\" content=\"Une vente doit avoir la m\u00eame clart\u00e9 et la m\u00eame intention que l&#039;acquisition. Nos connaissances vous permettent de les r\u00e9aliser avec pr\u00e9cision.\" \/>\n<meta name=\"robots\" content=\"index, follow, max-snippet:-1, max-image-preview:large, max-video-preview:-1\" \/>\n<link rel=\"canonical\" href=\"https:\/\/sourceaadvisory.com\/fr\/services-pour-entrepreneurs\/\" \/>\n<meta property=\"og:locale\" content=\"fr_FR\" \/>\n<meta property=\"og:type\" content=\"article\" \/>\n<meta property=\"og:title\" content=\"services pour entrepreneurs - Sourcea Advisory\" \/>\n<meta property=\"og:description\" content=\"Une vente doit avoir la m\u00eame clart\u00e9 et la m\u00eame intention que l&#039;acquisition. Nos connaissances vous permettent de les r\u00e9aliser avec pr\u00e9cision.\" \/>\n<meta property=\"og:url\" content=\"https:\/\/sourceaadvisory.com\/fr\/services-pour-entrepreneurs\/\" \/>\n<meta property=\"og:site_name\" content=\"Sourcea Advisory\" \/>\n<meta property=\"article:modified_time\" content=\"2026-04-13T19:07:51+00:00\" \/>\n<meta property=\"og:image\" content=\"https:\/\/sourceaadvisory.com\/wp-content\/uploads\/2025\/06\/LOGO_SOURCEA.png\" \/>\n\t<meta property=\"og:image:width\" content=\"700\" \/>\n\t<meta property=\"og:image:height\" content=\"700\" \/>\n\t<meta property=\"og:image:type\" content=\"image\/png\" \/>\n<meta name=\"twitter:card\" content=\"summary_large_image\" \/>\n<meta name=\"twitter:label1\" content=\"Dur\u00e9e de lecture estim\u00e9e\" \/>\n\t<meta name=\"twitter:data1\" content=\"2 minutes\" \/>\n<script type=\"application\/ld+json\" class=\"yoast-schema-graph\">{\"@context\":\"https:\\\/\\\/schema.org\",\"@graph\":[{\"@type\":\"WebPage\",\"@id\":\"https:\\\/\\\/sourceaadvisory.com\\\/fr\\\/services-pour-entrepreneurs\\\/\",\"url\":\"https:\\\/\\\/sourceaadvisory.com\\\/fr\\\/services-pour-entrepreneurs\\\/\",\"name\":\"services pour entrepreneurs - Sourcea Advisory\",\"isPartOf\":{\"@id\":\"https:\\\/\\\/sourceaadvisory.com\\\/fr\\\/#website\"},\"primaryImageOfPage\":{\"@id\":\"https:\\\/\\\/sourceaadvisory.com\\\/fr\\\/services-pour-entrepreneurs\\\/#primaryimage\"},\"image\":{\"@id\":\"https:\\\/\\\/sourceaadvisory.com\\\/fr\\\/services-pour-entrepreneurs\\\/#primaryimage\"},\"thumbnailUrl\":\"https:\\\/\\\/sourceaadvisory.com\\\/wp-content\\\/uploads\\\/2025\\\/06\\\/LOGO_SOURCEA.png\",\"datePublished\":\"2025-06-18T13:24:45+00:00\",\"dateModified\":\"2026-04-13T19:07:51+00:00\",\"description\":\"Une vente doit avoir la m\u00eame clart\u00e9 et la m\u00eame intention que l'acquisition. Nos connaissances vous permettent de les r\u00e9aliser avec pr\u00e9cision.\",\"breadcrumb\":{\"@id\":\"https:\\\/\\\/sourceaadvisory.com\\\/fr\\\/services-pour-entrepreneurs\\\/#breadcrumb\"},\"inLanguage\":\"fr-FR\",\"potentialAction\":[{\"@type\":\"ReadAction\",\"target\":[\"https:\\\/\\\/sourceaadvisory.com\\\/fr\\\/services-pour-entrepreneurs\\\/\"]}]},{\"@type\":\"ImageObject\",\"inLanguage\":\"fr-FR\",\"@id\":\"https:\\\/\\\/sourceaadvisory.com\\\/fr\\\/services-pour-entrepreneurs\\\/#primaryimage\",\"url\":\"https:\\\/\\\/sourceaadvisory.com\\\/wp-content\\\/uploads\\\/2025\\\/06\\\/LOGO_SOURCEA.png\",\"contentUrl\":\"https:\\\/\\\/sourceaadvisory.com\\\/wp-content\\\/uploads\\\/2025\\\/06\\\/LOGO_SOURCEA.png\",\"width\":700,\"height\":700,\"caption\":\"LOGO_SOURCEA\"},{\"@type\":\"BreadcrumbList\",\"@id\":\"https:\\\/\\\/sourceaadvisory.com\\\/fr\\\/services-pour-entrepreneurs\\\/#breadcrumb\",\"itemListElement\":[{\"@type\":\"ListItem\",\"position\":1,\"name\":\"Home\",\"item\":\"https:\\\/\\\/sourceaadvisory.com\\\/fr\\\/\"},{\"@type\":\"ListItem\",\"position\":2,\"name\":\"services pour entrepreneurs\"}]},{\"@type\":\"WebSite\",\"@id\":\"https:\\\/\\\/sourceaadvisory.com\\\/fr\\\/#website\",\"url\":\"https:\\\/\\\/sourceaadvisory.com\\\/fr\\\/\",\"name\":\"Sourcea Advisory\",\"description\":\"La source d'une orientation r\u00e9fl\u00e9chie dans chaque parcours immobilier\",\"publisher\":{\"@id\":\"https:\\\/\\\/sourceaadvisory.com\\\/fr\\\/#organization\"},\"potentialAction\":[{\"@type\":\"SearchAction\",\"target\":{\"@type\":\"EntryPoint\",\"urlTemplate\":\"https:\\\/\\\/sourceaadvisory.com\\\/fr\\\/?s={search_term_string}\"},\"query-input\":{\"@type\":\"PropertyValueSpecification\",\"valueRequired\":true,\"valueName\":\"search_term_string\"}}],\"inLanguage\":\"fr-FR\"},{\"@type\":\"Organization\",\"@id\":\"https:\\\/\\\/sourceaadvisory.com\\\/fr\\\/#organization\",\"name\":\"Sourcea Advisory\",\"url\":\"https:\\\/\\\/sourceaadvisory.com\\\/fr\\\/\",\"logo\":{\"@type\":\"ImageObject\",\"inLanguage\":\"fr-FR\",\"@id\":\"https:\\\/\\\/sourceaadvisory.com\\\/fr\\\/#\\\/schema\\\/logo\\\/image\\\/\",\"url\":\"https:\\\/\\\/sourceaadvisory.com\\\/wp-content\\\/uploads\\\/2025\\\/06\\\/LOGO_SOURCEA.png\",\"contentUrl\":\"https:\\\/\\\/sourceaadvisory.com\\\/wp-content\\\/uploads\\\/2025\\\/06\\\/LOGO_SOURCEA.png\",\"width\":700,\"height\":700,\"caption\":\"Sourcea Advisory\"},\"image\":{\"@id\":\"https:\\\/\\\/sourceaadvisory.com\\\/fr\\\/#\\\/schema\\\/logo\\\/image\\\/\"}}]}<\/script>\n<!-- \/ Yoast SEO plugin. -->","yoast_head_json":{"title":"services pour entrepreneurs - Sourcea Advisory","description":"Une vente doit avoir la m\u00eame clart\u00e9 et la m\u00eame intention que l'acquisition. Nos connaissances vous permettent de les r\u00e9aliser avec pr\u00e9cision.","robots":{"index":"index","follow":"follow","max-snippet":"max-snippet:-1","max-image-preview":"max-image-preview:large","max-video-preview":"max-video-preview:-1"},"canonical":"https:\/\/sourceaadvisory.com\/fr\/services-pour-entrepreneurs\/","og_locale":"fr_FR","og_type":"article","og_title":"services pour entrepreneurs - Sourcea Advisory","og_description":"Une vente doit avoir la m\u00eame clart\u00e9 et la m\u00eame intention que l'acquisition. Nos connaissances vous permettent de les r\u00e9aliser avec pr\u00e9cision.","og_url":"https:\/\/sourceaadvisory.com\/fr\/services-pour-entrepreneurs\/","og_site_name":"Sourcea Advisory","article_modified_time":"2026-04-13T19:07:51+00:00","og_image":[{"width":700,"height":700,"url":"https:\/\/sourceaadvisory.com\/wp-content\/uploads\/2025\/06\/LOGO_SOURCEA.png","type":"image\/png"}],"twitter_card":"summary_large_image","twitter_misc":{"Dur\u00e9e de lecture estim\u00e9e":"2 minutes"},"schema":{"@context":"https:\/\/schema.org","@graph":[{"@type":"WebPage","@id":"https:\/\/sourceaadvisory.com\/fr\/services-pour-entrepreneurs\/","url":"https:\/\/sourceaadvisory.com\/fr\/services-pour-entrepreneurs\/","name":"services pour entrepreneurs - Sourcea Advisory","isPartOf":{"@id":"https:\/\/sourceaadvisory.com\/fr\/#website"},"primaryImageOfPage":{"@id":"https:\/\/sourceaadvisory.com\/fr\/services-pour-entrepreneurs\/#primaryimage"},"image":{"@id":"https:\/\/sourceaadvisory.com\/fr\/services-pour-entrepreneurs\/#primaryimage"},"thumbnailUrl":"https:\/\/sourceaadvisory.com\/wp-content\/uploads\/2025\/06\/LOGO_SOURCEA.png","datePublished":"2025-06-18T13:24:45+00:00","dateModified":"2026-04-13T19:07:51+00:00","description":"Une vente doit avoir la m\u00eame clart\u00e9 et la m\u00eame intention que l'acquisition. Nos connaissances vous permettent de les r\u00e9aliser avec pr\u00e9cision.","breadcrumb":{"@id":"https:\/\/sourceaadvisory.com\/fr\/services-pour-entrepreneurs\/#breadcrumb"},"inLanguage":"fr-FR","potentialAction":[{"@type":"ReadAction","target":["https:\/\/sourceaadvisory.com\/fr\/services-pour-entrepreneurs\/"]}]},{"@type":"ImageObject","inLanguage":"fr-FR","@id":"https:\/\/sourceaadvisory.com\/fr\/services-pour-entrepreneurs\/#primaryimage","url":"https:\/\/sourceaadvisory.com\/wp-content\/uploads\/2025\/06\/LOGO_SOURCEA.png","contentUrl":"https:\/\/sourceaadvisory.com\/wp-content\/uploads\/2025\/06\/LOGO_SOURCEA.png","width":700,"height":700,"caption":"LOGO_SOURCEA"},{"@type":"BreadcrumbList","@id":"https:\/\/sourceaadvisory.com\/fr\/services-pour-entrepreneurs\/#breadcrumb","itemListElement":[{"@type":"ListItem","position":1,"name":"Home","item":"https:\/\/sourceaadvisory.com\/fr\/"},{"@type":"ListItem","position":2,"name":"services pour entrepreneurs"}]},{"@type":"WebSite","@id":"https:\/\/sourceaadvisory.com\/fr\/#website","url":"https:\/\/sourceaadvisory.com\/fr\/","name":"Sourcea Advisory","description":"La source d'une orientation r\u00e9fl\u00e9chie dans chaque parcours immobilier","publisher":{"@id":"https:\/\/sourceaadvisory.com\/fr\/#organization"},"potentialAction":[{"@type":"SearchAction","target":{"@type":"EntryPoint","urlTemplate":"https:\/\/sourceaadvisory.com\/fr\/?s={search_term_string}"},"query-input":{"@type":"PropertyValueSpecification","valueRequired":true,"valueName":"search_term_string"}}],"inLanguage":"fr-FR"},{"@type":"Organization","@id":"https:\/\/sourceaadvisory.com\/fr\/#organization","name":"Sourcea Advisory","url":"https:\/\/sourceaadvisory.com\/fr\/","logo":{"@type":"ImageObject","inLanguage":"fr-FR","@id":"https:\/\/sourceaadvisory.com\/fr\/#\/schema\/logo\/image\/","url":"https:\/\/sourceaadvisory.com\/wp-content\/uploads\/2025\/06\/LOGO_SOURCEA.png","contentUrl":"https:\/\/sourceaadvisory.com\/wp-content\/uploads\/2025\/06\/LOGO_SOURCEA.png","width":700,"height":700,"caption":"Sourcea Advisory"},"image":{"@id":"https:\/\/sourceaadvisory.com\/fr\/#\/schema\/logo\/image\/"}}]}},"_links":{"self":[{"href":"https:\/\/sourceaadvisory.com\/fr\/wp-json\/wp\/v2\/pages\/3093","targetHints":{"allow":["GET"]}}],"collection":[{"href":"https:\/\/sourceaadvisory.com\/fr\/wp-json\/wp\/v2\/pages"}],"about":[{"href":"https:\/\/sourceaadvisory.com\/fr\/wp-json\/wp\/v2\/types\/page"}],"author":[{"embeddable":true,"href":"https:\/\/sourceaadvisory.com\/fr\/wp-json\/wp\/v2\/users\/3"}],"replies":[{"embeddable":true,"href":"https:\/\/sourceaadvisory.com\/fr\/wp-json\/wp\/v2\/comments?post=3093"}],"version-history":[{"count":87,"href":"https:\/\/sourceaadvisory.com\/fr\/wp-json\/wp\/v2\/pages\/3093\/revisions"}],"predecessor-version":[{"id":4193,"href":"https:\/\/sourceaadvisory.com\/fr\/wp-json\/wp\/v2\/pages\/3093\/revisions\/4193"}],"wp:featuredmedia":[{"embeddable":true,"href":"https:\/\/sourceaadvisory.com\/fr\/wp-json\/wp\/v2\/media\/38"}],"wp:attachment":[{"href":"https:\/\/sourceaadvisory.com\/fr\/wp-json\/wp\/v2\/media?parent=3093"}],"curies":[{"name":"wp","href":"https:\/\/api.w.org\/{rel}","templated":true}]}}