{"id":3091,"date":"2025-06-18T16:18:40","date_gmt":"2025-06-18T14:18:40","guid":{"rendered":"https:\/\/sourceaadvisory.com\/qui-sommes-nous\/"},"modified":"2025-09-01T08:51:17","modified_gmt":"2025-09-01T06:51:17","slug":"qui-sommes-nous","status":"publish","type":"page","link":"https:\/\/sourceaadvisory.com\/fr\/qui-sommes-nous\/","title":{"rendered":"qui sommes-nous"},"content":{"rendered":"\t\t<div data-elementor-type=\"wp-page\" data-elementor-id=\"3091\" class=\"elementor elementor-3091 elementor-113\">\n\t\t\t\t<div class=\"elementor-element elementor-element-9d6e048 e-con-full e-flex e-con e-parent\" data-id=\"9d6e048\" data-element_type=\"container\" data-settings=\"{&quot;background_background&quot;:&quot;classic&quot;}\">\n\t\t\t\t<\/div>\n\t\t<div class=\"elementor-element elementor-element-7965495 e-con-full e-flex e-con e-parent\" data-id=\"7965495\" data-element_type=\"container\">\n\t\t\t\t<div class=\"elementor-element elementor-element-bdf359d elementor-widget elementor-widget-text-editor\" data-id=\"bdf359d\" data-element_type=\"widget\" data-widget_type=\"text-editor.default\">\n\t\t\t\t<div class=\"elementor-widget-container\">\n\t\t\t\t\t\t\t\t\t<h1><b>Perspective internationale, engagement personnel, sens affin\u00e9<\/b><\/h1>\t\t\t\t\t\t\t\t<\/div>\n\t\t\t\t<\/div>\n\t\t\t\t<div class=\"elementor-element elementor-element-322dc88 elementor-widget-divider--view-line elementor-widget elementor-widget-divider\" data-id=\"322dc88\" data-element_type=\"widget\" data-widget_type=\"divider.default\">\n\t\t\t\t<div class=\"elementor-widget-container\">\n\t\t\t\t\t\t\t<div class=\"elementor-divider\">\n\t\t\t<span class=\"elementor-divider-separator\">\n\t\t\t\t\t\t<\/span>\n\t\t<\/div>\n\t\t\t\t\t\t<\/div>\n\t\t\t\t<\/div>\n\t\t\t\t<\/div>\n\t\t<div class=\"elementor-element elementor-element-d5785ae e-con-full e-flex e-con e-parent\" data-id=\"d5785ae\" data-element_type=\"container\">\n\t\t\t\t<div class=\"elementor-element elementor-element-35704c8 elementor-widget elementor-widget-text-editor\" data-id=\"35704c8\" data-element_type=\"widget\" data-widget_type=\"text-editor.default\">\n\t\t\t\t<div class=\"elementor-widget-container\">\n\t\t\t\t\t\t\t\t\t<h6 style=\"text-align: center;\">Christine Fornaroli met \u00e0 profit plus de trente ans d\u2019exp\u00e9rience\u00a0 aupr\u00e8s d\u2019une client\u00e8le internationale. Son parcours unit la gestion de patrimoine priv\u00e9 et l&rsquo;accompagnement immobilier &#8211; r\u00e9sidentiel comme investissement &#8211; avec une ligne directrice claire: allier sur mesure et confiance<\/h6>\t\t\t\t\t\t\t\t<\/div>\n\t\t\t\t<\/div>\n\t\t\t\t<\/div>\n\t\t<div class=\"elementor-element elementor-element-582d346 e-con-full e-flex e-con e-parent\" data-id=\"582d346\" data-element_type=\"container\" data-settings=\"{&quot;background_background&quot;:&quot;gradient&quot;}\">\n\t\t<div class=\"elementor-element elementor-element-bf27b4a e-con-full e-flex e-con e-child\" data-id=\"bf27b4a\" data-element_type=\"container\">\n\t\t\t\t<div class=\"elementor-element elementor-element-c8ab080 elementor-widget__width-inherit elementor-widget elementor-widget-text-editor\" data-id=\"c8ab080\" data-element_type=\"widget\" data-widget_type=\"text-editor.default\">\n\t\t\t\t<div class=\"elementor-widget-container\">\n\t\t\t\t\t\t\t\t\t<h2 style=\"text-align: center;\"><strong>Ayant v\u00e9cu dans six pays europ\u00e9ens et parlant six langues, elle a acquis une sensibilit\u00e9 fine aux nuances culturelles qui \u00e9claire chaque lien.<\/strong><\/h2><h6 style=\"text-align: center;\">2013<\/h6><p style=\"text-align: center;\">Elle cr\u00e9e ILM au Luxembourg, d\u00e9di\u00e9e \u00e0 la relocation, \u00e0 l&rsquo;immobilier et aux services lifestyle, pour une client\u00e8le priv\u00e9e et professionnelle. Appr\u00e9ci\u00e9e pour sa discr\u00e9tion et sa capacit\u00e9 \u00e0 instaurer des relations de confiance, elle y d\u00e9veloppe une activit\u00e9 de conseil personnalis\u00e9, guid\u00e9e par la pr\u00e9cision et la performance. R\u00e9f\u00e9rences clients disponibles sur demande.<\/p><h6 style=\"text-align: center;\">2025<\/h6><p style=\"text-align: center;\">Elle fonde Sourcea Advisory en Suisse afin de guider une client\u00e8le internationale\u00a0 \u00e0 la recherche de lieux uniques ou d\u2019opportunit\u00e9s d\u2019investissement \u00e0 long terme.<\/p>\t\t\t\t\t\t\t\t<\/div>\n\t\t\t\t<\/div>\n\t\t\t\t<div class=\"elementor-element elementor-element-9b16899 elementor-view-default elementor-widget elementor-widget-icon\" data-id=\"9b16899\" data-element_type=\"widget\" data-widget_type=\"icon.default\">\n\t\t\t\t<div class=\"elementor-widget-container\">\n\t\t\t\t\t\t\t<div class=\"elementor-icon-wrapper\">\n\t\t\t<a class=\"elementor-icon\" href=\"https:\/\/www.linkedin.com\/in\/christinefornaroli\/\" target=\"_blank\">\n\t\t\t<svg aria-hidden=\"true\" class=\"e-font-icon-svg e-fab-linkedin\" viewBox=\"0 0 448 512\" xmlns=\"http:\/\/www.w3.org\/2000\/svg\"><path d=\"M416 32H31.9C14.3 32 0 46.5 0 64.3v383.4C0 465.5 14.3 480 31.9 480H416c17.6 0 32-14.5 32-32.3V64.3c0-17.8-14.4-32.3-32-32.3zM135.4 416H69V202.2h66.5V416zm-33.2-243c-21.3 0-38.5-17.3-38.5-38.5S80.9 96 102.2 96c21.2 0 38.5 17.3 38.5 38.5 0 21.3-17.2 38.5-38.5 38.5zm282.1 243h-66.4V312c0-24.8-.5-56.7-34.5-56.7-34.6 0-39.9 27-39.9 54.9V416h-66.4V202.2h63.7v29.2h.9c8.9-16.8 30.6-34.5 62.9-34.5 67.2 0 79.7 44.3 79.7 101.9V416z\"><\/path><\/svg>\t\t\t<\/a>\n\t\t<\/div>\n\t\t\t\t\t\t<\/div>\n\t\t\t\t<\/div>\n\t\t\t\t<\/div>\n\t\t<div class=\"elementor-element elementor-element-e980b2e e-con-full e-flex e-con e-child\" data-id=\"e980b2e\" data-element_type=\"container\">\n\t\t\t\t<div class=\"elementor-element elementor-element-fbedecd elementor-widget elementor-widget-image\" data-id=\"fbedecd\" data-element_type=\"widget\" data-widget_type=\"image.default\">\n\t\t\t\t<div class=\"elementor-widget-container\">\n\t\t\t\t\t\t\t\t\t\t\t\t\t\t\t<img fetchpriority=\"high\" decoding=\"async\" width=\"1024\" height=\"1536\" src=\"https:\/\/sourceaadvisory.com\/wp-content\/uploads\/17christine-1024x1536.jpg\" class=\"attachment-1536x1536 size-1536x1536 wp-image-137\" alt=\"\" srcset=\"https:\/\/sourceaadvisory.com\/wp-content\/uploads\/17christine-1024x1536.jpg 1024w, https:\/\/sourceaadvisory.com\/wp-content\/uploads\/17christine-200x300.jpg 200w, https:\/\/sourceaadvisory.com\/wp-content\/uploads\/17christine-683x1024.jpg 683w, https:\/\/sourceaadvisory.com\/wp-content\/uploads\/17christine-768x1152.jpg 768w, https:\/\/sourceaadvisory.com\/wp-content\/uploads\/17christine-1366x2048.jpg 1366w, https:\/\/sourceaadvisory.com\/wp-content\/uploads\/17christine.jpg 1667w\" sizes=\"(max-width: 1024px) 100vw, 1024px\" \/>\t\t\t\t\t\t\t\t\t\t\t\t\t\t\t<\/div>\n\t\t\t\t<\/div>\n\t\t\t\t<\/div>\n\t\t\t\t<\/div>\n\t\t<div class=\"elementor-element elementor-element-f623934 e-con-full e-flex e-con e-parent\" data-id=\"f623934\" data-element_type=\"container\" data-settings=\"{&quot;background_background&quot;:&quot;gradient&quot;}\">\n\t\t\t\t<div class=\"elementor-element elementor-element-b6b881e elementor-widget elementor-widget-text-editor\" data-id=\"b6b881e\" data-element_type=\"widget\" data-widget_type=\"text-editor.default\">\n\t\t\t\t<div class=\"elementor-widget-container\">\n\t\t\t\t\t\t\t\t\t<h2 style=\"text-align: center;\">Titulaire d\u2019un Master en \u00e9conomie, administratrice ind\u00e9pendante certifi\u00e9e, elle a si\u00e9g\u00e9 \u00e0 plusieurs conseils d&rsquo;administration, notamment dans le private equity<\/h2><p style=\"text-align: center;\">Elle est \u00e9galement passionn\u00e9e de design int\u00e9rieur. Convaincue que le bien-\u00eatre, la nature et les voyages sont une source constante d&rsquo;inspiration, elle les int\u00e8gre autant dans sa vie personnelle que professionnelle.<\/p>\t\t\t\t\t\t\t\t<\/div>\n\t\t\t\t<\/div>\n\t\t\t\t<\/div>\n\t\t<div class=\"elementor-element elementor-element-43dd1e2 e-con-full e-flex e-con e-parent\" data-id=\"43dd1e2\" data-element_type=\"container\">\n\t\t\t\t<div class=\"elementor-element elementor-element-9f843ef elementor-widget-divider--view-line elementor-widget elementor-widget-divider\" data-id=\"9f843ef\" data-element_type=\"widget\" data-widget_type=\"divider.default\">\n\t\t\t\t<div class=\"elementor-widget-container\">\n\t\t\t\t\t\t\t<div class=\"elementor-divider\">\n\t\t\t<span class=\"elementor-divider-separator\">\n\t\t\t\t\t\t<\/span>\n\t\t<\/div>\n\t\t\t\t\t\t<\/div>\n\t\t\t\t<\/div>\n\t\t\t\t<\/div>\n\t\t<div class=\"elementor-element elementor-element-5ba9118 e-con-full e-flex e-con e-parent\" data-id=\"5ba9118\" data-element_type=\"container\" data-settings=\"{&quot;background_background&quot;:&quot;gradient&quot;}\">\n\t\t\t\t<div class=\"elementor-element elementor-element-d10a1e0 elementor-widget elementor-widget-text-editor\" data-id=\"d10a1e0\" data-element_type=\"widget\" data-widget_type=\"text-editor.default\">\n\t\t\t\t<div class=\"elementor-widget-container\">\n\t\t\t\t\t\t\t\t\t<h1><strong>\u00ab Mon objectif est simple : offrir une exp\u00e9rience profond\u00e9ment personnelle, qui laisse une empreinte durable et positive pour chaque client. \u00bb<\/strong><\/h1>\t\t\t\t\t\t\t\t<\/div>\n\t\t\t\t<\/div>\n\t\t\t\t<\/div>\n\t\t<div class=\"elementor-element elementor-element-bd7f77e e-con-full e-flex e-con e-parent\" data-id=\"bd7f77e\" data-element_type=\"container\" data-settings=\"{&quot;background_background&quot;:&quot;gradient&quot;}\">\n\t\t<div class=\"elementor-element elementor-element-1d9d474 e-con-full e-flex e-con e-child\" data-id=\"1d9d474\" data-element_type=\"container\">\n\t\t\t\t<div class=\"elementor-element elementor-element-7137fd3 elementor-widget elementor-widget-text-editor\" data-id=\"7137fd3\" data-element_type=\"widget\" data-widget_type=\"text-editor.default\">\n\t\t\t\t<div class=\"elementor-widget-container\">\n\t\t\t\t\t\t\t\t\t<h2><b>Une approche collaborative par essence<\/b><\/h2><p>Notre travail s&rsquo;appuie sur un r\u00e9seau exclusif de prestataires sp\u00e9cialistes en Suisse, offrant une expertise finement adapt\u00e9e aux besoins de chaque projet.<\/p><p>Au-del\u00e0 des fronti\u00e8res, nous collaborons avec des experts ind\u00e9pendants au Luxembourg, en Belgique et en France, assurant \u00e0 notre client\u00e8le une continuit\u00e9 fluide de services \u00e0 l\u2019international. Sur demande, nous explorons \u00e9galement d\u2019autres march\u00e9s.<\/p><p>\u00a0<\/p><h2><b>Des valeurs incarn\u00e9es dans chaque relation<\/b><\/h2><p>Nous croyons que des r\u00e9sultats pertinents naissent d\u2019une \u00e9coute authentique et d&rsquo;un dialogue attentif.<\/p><p>Notre approche se distingue par la confiance qu&rsquo;elle instaure, la discr\u00e9tion qu&rsquo;elle pr\u00e9serve et la vision \u00e0 long terme qui inspire des choix responsables et durables. Elle se distingue \u00e9galement par une exigence constante, garantissant rigueur et fiabilit\u00e9 \u00e0 chaque \u00e9tape.<\/p>\t\t\t\t\t\t\t\t<\/div>\n\t\t\t\t<\/div>\n\t\t\t\t<\/div>\n\t\t<div class=\"elementor-element elementor-element-9aa56a3 e-con-full e-flex e-con e-child\" data-id=\"9aa56a3\" data-element_type=\"container\">\n\t\t\t\t<div class=\"elementor-element elementor-element-be5bc6a elementor-widget elementor-widget-image\" data-id=\"be5bc6a\" data-element_type=\"widget\" data-widget_type=\"image.default\">\n\t\t\t\t<div class=\"elementor-widget-container\">\n\t\t\t\t\t\t\t\t\t\t\t\t\t\t\t<img decoding=\"async\" width=\"683\" height=\"1024\" src=\"https:\/\/sourceaadvisory.com\/wp-content\/uploads\/20christine-683x1024.jpg\" class=\"attachment-large size-large wp-image-139\" alt=\"\" srcset=\"https:\/\/sourceaadvisory.com\/wp-content\/uploads\/20christine-683x1024.jpg 683w, https:\/\/sourceaadvisory.com\/wp-content\/uploads\/20christine-200x300.jpg 200w, https:\/\/sourceaadvisory.com\/wp-content\/uploads\/20christine-768x1152.jpg 768w, https:\/\/sourceaadvisory.com\/wp-content\/uploads\/20christine-1024x1536.jpg 1024w, https:\/\/sourceaadvisory.com\/wp-content\/uploads\/20christine-1366x2048.jpg 1366w, https:\/\/sourceaadvisory.com\/wp-content\/uploads\/20christine.jpg 1667w\" sizes=\"(max-width: 683px) 100vw, 683px\" \/>\t\t\t\t\t\t\t\t\t\t\t\t\t\t\t<\/div>\n\t\t\t\t<\/div>\n\t\t\t\t<\/div>\n\t\t\t\t<\/div>\n\t\t<div class=\"elementor-element elementor-element-b2708d9 e-con-full e-flex e-con e-parent\" data-id=\"b2708d9\" data-element_type=\"container\">\n\t\t\t\t<div class=\"elementor-element elementor-element-56a9bdd elementor-widget elementor-widget-text-editor\" data-id=\"56a9bdd\" data-element_type=\"widget\" data-widget_type=\"text-editor.default\">\n\t\t\t\t<div class=\"elementor-widget-container\">\n\t\t\t\t\t\t\t\t\t<h2>\u00ab Nous sommes \u00e0 votre \u00e9coute, au moment opportun. \u00bb<\/h2><h5><a href=\"mailto:info@sourceaadvisory.com\">contactez-nous<\/a><\/h5>\t\t\t\t\t\t\t\t<\/div>\n\t\t\t\t<\/div>\n\t\t\t\t<\/div>\n\t\t\t\t<\/div>\n\t\t","protected":false},"excerpt":{"rendered":"<p>Perspective internationale, engagement personnel, sens affin\u00e9 Christine Fornaroli met \u00e0 profit plus de trente ans d\u2019exp\u00e9rience\u00a0 aupr\u00e8s d\u2019une client\u00e8le internationale. Son parcours unit la gestion de patrimoine priv\u00e9 et l&rsquo;accompagnement immobilier &#8211; r\u00e9sidentiel comme investissement &#8211; avec [&hellip;]<\/p>\n","protected":false},"author":3,"featured_media":38,"parent":0,"menu_order":0,"comment_status":"closed","ping_status":"closed","template":"","meta":{"footnotes":""},"class_list":["post-3091","page","type-page","status-publish","has-post-thumbnail","hentry"],"yoast_head":"<!-- This site is optimized with the Yoast SEO plugin v27.4 - https:\/\/yoast.com\/product\/yoast-seo-wordpress\/ -->\n<title>qui sommes-nous - Sourcea Advisory<\/title>\n<meta name=\"description\" content=\"Christine Fornaroli poss\u00e8de une grande exp\u00e9rience en mati\u00e8re de conseil aux clients internationaux. Gestion d&#039;actifs priv\u00e9s et conseil en immobilier international.\" \/>\n<meta name=\"robots\" content=\"index, follow, max-snippet:-1, max-image-preview:large, max-video-preview:-1\" \/>\n<link rel=\"canonical\" href=\"https:\/\/sourceaadvisory.com\/fr\/qui-sommes-nous\/\" \/>\n<meta property=\"og:locale\" content=\"fr_FR\" \/>\n<meta property=\"og:type\" content=\"article\" \/>\n<meta property=\"og:title\" content=\"qui sommes-nous - Sourcea Advisory\" \/>\n<meta property=\"og:description\" content=\"Christine Fornaroli poss\u00e8de une grande exp\u00e9rience en mati\u00e8re de conseil aux clients internationaux. Gestion d&#039;actifs priv\u00e9s et conseil en immobilier international.\" \/>\n<meta property=\"og:url\" content=\"https:\/\/sourceaadvisory.com\/fr\/qui-sommes-nous\/\" \/>\n<meta property=\"og:site_name\" content=\"Sourcea Advisory\" \/>\n<meta property=\"article:modified_time\" content=\"2025-09-01T06:51:17+00:00\" \/>\n<meta property=\"og:image\" content=\"https:\/\/sourceaadvisory.com\/wp-content\/uploads\/2025\/06\/LOGO_SOURCEA.png\" \/>\n\t<meta property=\"og:image:width\" content=\"700\" \/>\n\t<meta property=\"og:image:height\" content=\"700\" \/>\n\t<meta property=\"og:image:type\" content=\"image\/png\" \/>\n<meta name=\"twitter:card\" content=\"summary_large_image\" \/>\n<meta name=\"twitter:label1\" content=\"Dur\u00e9e de lecture estim\u00e9e\" \/>\n\t<meta name=\"twitter:data1\" content=\"3 minutes\" \/>\n<script type=\"application\/ld+json\" class=\"yoast-schema-graph\">{\"@context\":\"https:\\\/\\\/schema.org\",\"@graph\":[{\"@type\":\"WebPage\",\"@id\":\"https:\\\/\\\/sourceaadvisory.com\\\/fr\\\/qui-sommes-nous\\\/\",\"url\":\"https:\\\/\\\/sourceaadvisory.com\\\/fr\\\/qui-sommes-nous\\\/\",\"name\":\"qui sommes-nous - Sourcea Advisory\",\"isPartOf\":{\"@id\":\"https:\\\/\\\/sourceaadvisory.com\\\/fr\\\/#website\"},\"primaryImageOfPage\":{\"@id\":\"https:\\\/\\\/sourceaadvisory.com\\\/fr\\\/qui-sommes-nous\\\/#primaryimage\"},\"image\":{\"@id\":\"https:\\\/\\\/sourceaadvisory.com\\\/fr\\\/qui-sommes-nous\\\/#primaryimage\"},\"thumbnailUrl\":\"https:\\\/\\\/sourceaadvisory.com\\\/wp-content\\\/uploads\\\/2025\\\/06\\\/LOGO_SOURCEA.png\",\"datePublished\":\"2025-06-18T14:18:40+00:00\",\"dateModified\":\"2025-09-01T06:51:17+00:00\",\"description\":\"Christine Fornaroli poss\u00e8de une grande exp\u00e9rience en mati\u00e8re de conseil aux clients internationaux. Gestion d'actifs priv\u00e9s et conseil en immobilier international.\",\"breadcrumb\":{\"@id\":\"https:\\\/\\\/sourceaadvisory.com\\\/fr\\\/qui-sommes-nous\\\/#breadcrumb\"},\"inLanguage\":\"fr-FR\",\"potentialAction\":[{\"@type\":\"ReadAction\",\"target\":[\"https:\\\/\\\/sourceaadvisory.com\\\/fr\\\/qui-sommes-nous\\\/\"]}]},{\"@type\":\"ImageObject\",\"inLanguage\":\"fr-FR\",\"@id\":\"https:\\\/\\\/sourceaadvisory.com\\\/fr\\\/qui-sommes-nous\\\/#primaryimage\",\"url\":\"https:\\\/\\\/sourceaadvisory.com\\\/wp-content\\\/uploads\\\/2025\\\/06\\\/LOGO_SOURCEA.png\",\"contentUrl\":\"https:\\\/\\\/sourceaadvisory.com\\\/wp-content\\\/uploads\\\/2025\\\/06\\\/LOGO_SOURCEA.png\",\"width\":700,\"height\":700,\"caption\":\"LOGO_SOURCEA\"},{\"@type\":\"BreadcrumbList\",\"@id\":\"https:\\\/\\\/sourceaadvisory.com\\\/fr\\\/qui-sommes-nous\\\/#breadcrumb\",\"itemListElement\":[{\"@type\":\"ListItem\",\"position\":1,\"name\":\"Home\",\"item\":\"https:\\\/\\\/sourceaadvisory.com\\\/fr\\\/\"},{\"@type\":\"ListItem\",\"position\":2,\"name\":\"qui sommes-nous\"}]},{\"@type\":\"WebSite\",\"@id\":\"https:\\\/\\\/sourceaadvisory.com\\\/fr\\\/#website\",\"url\":\"https:\\\/\\\/sourceaadvisory.com\\\/fr\\\/\",\"name\":\"Sourcea Advisory\",\"description\":\"La source d'une orientation r\u00e9fl\u00e9chie dans chaque parcours immobilier\",\"publisher\":{\"@id\":\"https:\\\/\\\/sourceaadvisory.com\\\/fr\\\/#organization\"},\"potentialAction\":[{\"@type\":\"SearchAction\",\"target\":{\"@type\":\"EntryPoint\",\"urlTemplate\":\"https:\\\/\\\/sourceaadvisory.com\\\/fr\\\/?s={search_term_string}\"},\"query-input\":{\"@type\":\"PropertyValueSpecification\",\"valueRequired\":true,\"valueName\":\"search_term_string\"}}],\"inLanguage\":\"fr-FR\"},{\"@type\":\"Organization\",\"@id\":\"https:\\\/\\\/sourceaadvisory.com\\\/fr\\\/#organization\",\"name\":\"Sourcea Advisory\",\"url\":\"https:\\\/\\\/sourceaadvisory.com\\\/fr\\\/\",\"logo\":{\"@type\":\"ImageObject\",\"inLanguage\":\"fr-FR\",\"@id\":\"https:\\\/\\\/sourceaadvisory.com\\\/fr\\\/#\\\/schema\\\/logo\\\/image\\\/\",\"url\":\"https:\\\/\\\/sourceaadvisory.com\\\/wp-content\\\/uploads\\\/2025\\\/06\\\/LOGO_SOURCEA.png\",\"contentUrl\":\"https:\\\/\\\/sourceaadvisory.com\\\/wp-content\\\/uploads\\\/2025\\\/06\\\/LOGO_SOURCEA.png\",\"width\":700,\"height\":700,\"caption\":\"Sourcea Advisory\"},\"image\":{\"@id\":\"https:\\\/\\\/sourceaadvisory.com\\\/fr\\\/#\\\/schema\\\/logo\\\/image\\\/\"}}]}<\/script>\n<!-- \/ Yoast SEO plugin. -->","yoast_head_json":{"title":"qui sommes-nous - Sourcea Advisory","description":"Christine Fornaroli poss\u00e8de une grande exp\u00e9rience en mati\u00e8re de conseil aux clients internationaux. Gestion d'actifs priv\u00e9s et conseil en immobilier international.","robots":{"index":"index","follow":"follow","max-snippet":"max-snippet:-1","max-image-preview":"max-image-preview:large","max-video-preview":"max-video-preview:-1"},"canonical":"https:\/\/sourceaadvisory.com\/fr\/qui-sommes-nous\/","og_locale":"fr_FR","og_type":"article","og_title":"qui sommes-nous - Sourcea Advisory","og_description":"Christine Fornaroli poss\u00e8de une grande exp\u00e9rience en mati\u00e8re de conseil aux clients internationaux. Gestion d'actifs priv\u00e9s et conseil en immobilier international.","og_url":"https:\/\/sourceaadvisory.com\/fr\/qui-sommes-nous\/","og_site_name":"Sourcea Advisory","article_modified_time":"2025-09-01T06:51:17+00:00","og_image":[{"width":700,"height":700,"url":"https:\/\/sourceaadvisory.com\/wp-content\/uploads\/2025\/06\/LOGO_SOURCEA.png","type":"image\/png"}],"twitter_card":"summary_large_image","twitter_misc":{"Dur\u00e9e de lecture estim\u00e9e":"3 minutes"},"schema":{"@context":"https:\/\/schema.org","@graph":[{"@type":"WebPage","@id":"https:\/\/sourceaadvisory.com\/fr\/qui-sommes-nous\/","url":"https:\/\/sourceaadvisory.com\/fr\/qui-sommes-nous\/","name":"qui sommes-nous - Sourcea Advisory","isPartOf":{"@id":"https:\/\/sourceaadvisory.com\/fr\/#website"},"primaryImageOfPage":{"@id":"https:\/\/sourceaadvisory.com\/fr\/qui-sommes-nous\/#primaryimage"},"image":{"@id":"https:\/\/sourceaadvisory.com\/fr\/qui-sommes-nous\/#primaryimage"},"thumbnailUrl":"https:\/\/sourceaadvisory.com\/wp-content\/uploads\/2025\/06\/LOGO_SOURCEA.png","datePublished":"2025-06-18T14:18:40+00:00","dateModified":"2025-09-01T06:51:17+00:00","description":"Christine Fornaroli poss\u00e8de une grande exp\u00e9rience en mati\u00e8re de conseil aux clients internationaux. Gestion d'actifs priv\u00e9s et conseil en immobilier international.","breadcrumb":{"@id":"https:\/\/sourceaadvisory.com\/fr\/qui-sommes-nous\/#breadcrumb"},"inLanguage":"fr-FR","potentialAction":[{"@type":"ReadAction","target":["https:\/\/sourceaadvisory.com\/fr\/qui-sommes-nous\/"]}]},{"@type":"ImageObject","inLanguage":"fr-FR","@id":"https:\/\/sourceaadvisory.com\/fr\/qui-sommes-nous\/#primaryimage","url":"https:\/\/sourceaadvisory.com\/wp-content\/uploads\/2025\/06\/LOGO_SOURCEA.png","contentUrl":"https:\/\/sourceaadvisory.com\/wp-content\/uploads\/2025\/06\/LOGO_SOURCEA.png","width":700,"height":700,"caption":"LOGO_SOURCEA"},{"@type":"BreadcrumbList","@id":"https:\/\/sourceaadvisory.com\/fr\/qui-sommes-nous\/#breadcrumb","itemListElement":[{"@type":"ListItem","position":1,"name":"Home","item":"https:\/\/sourceaadvisory.com\/fr\/"},{"@type":"ListItem","position":2,"name":"qui sommes-nous"}]},{"@type":"WebSite","@id":"https:\/\/sourceaadvisory.com\/fr\/#website","url":"https:\/\/sourceaadvisory.com\/fr\/","name":"Sourcea Advisory","description":"La source d'une orientation r\u00e9fl\u00e9chie dans chaque parcours immobilier","publisher":{"@id":"https:\/\/sourceaadvisory.com\/fr\/#organization"},"potentialAction":[{"@type":"SearchAction","target":{"@type":"EntryPoint","urlTemplate":"https:\/\/sourceaadvisory.com\/fr\/?s={search_term_string}"},"query-input":{"@type":"PropertyValueSpecification","valueRequired":true,"valueName":"search_term_string"}}],"inLanguage":"fr-FR"},{"@type":"Organization","@id":"https:\/\/sourceaadvisory.com\/fr\/#organization","name":"Sourcea Advisory","url":"https:\/\/sourceaadvisory.com\/fr\/","logo":{"@type":"ImageObject","inLanguage":"fr-FR","@id":"https:\/\/sourceaadvisory.com\/fr\/#\/schema\/logo\/image\/","url":"https:\/\/sourceaadvisory.com\/wp-content\/uploads\/2025\/06\/LOGO_SOURCEA.png","contentUrl":"https:\/\/sourceaadvisory.com\/wp-content\/uploads\/2025\/06\/LOGO_SOURCEA.png","width":700,"height":700,"caption":"Sourcea Advisory"},"image":{"@id":"https:\/\/sourceaadvisory.com\/fr\/#\/schema\/logo\/image\/"}}]}},"_links":{"self":[{"href":"https:\/\/sourceaadvisory.com\/fr\/wp-json\/wp\/v2\/pages\/3091","targetHints":{"allow":["GET"]}}],"collection":[{"href":"https:\/\/sourceaadvisory.com\/fr\/wp-json\/wp\/v2\/pages"}],"about":[{"href":"https:\/\/sourceaadvisory.com\/fr\/wp-json\/wp\/v2\/types\/page"}],"author":[{"embeddable":true,"href":"https:\/\/sourceaadvisory.com\/fr\/wp-json\/wp\/v2\/users\/3"}],"replies":[{"embeddable":true,"href":"https:\/\/sourceaadvisory.com\/fr\/wp-json\/wp\/v2\/comments?post=3091"}],"version-history":[{"count":71,"href":"https:\/\/sourceaadvisory.com\/fr\/wp-json\/wp\/v2\/pages\/3091\/revisions"}],"predecessor-version":[{"id":4081,"href":"https:\/\/sourceaadvisory.com\/fr\/wp-json\/wp\/v2\/pages\/3091\/revisions\/4081"}],"wp:featuredmedia":[{"embeddable":true,"href":"https:\/\/sourceaadvisory.com\/fr\/wp-json\/wp\/v2\/media\/38"}],"wp:attachment":[{"href":"https:\/\/sourceaadvisory.com\/fr\/wp-json\/wp\/v2\/media?parent=3091"}],"curies":[{"name":"wp","href":"https:\/\/api.w.org\/{rel}","templated":true}]}}